{"id":8,"date":"2022-05-10T22:32:26","date_gmt":"2022-05-10T22:32:26","guid":{"rendered":"https:\/\/www.verter.org.mx\/?page_id=8"},"modified":"2024-10-09T22:24:16","modified_gmt":"2024-10-09T22:24:16","slug":"pagina-web","status":"publish","type":"page","link":"https:\/\/www.verter.org.mx\/?page_id=8","title":{"rendered":"Organizaci\u00f3n Civil"},"content":{"rendered":"\t\t<div data-elementor-type=\"wp-page\" data-elementor-id=\"8\" class=\"elementor elementor-8\">\n\t\t\t\t<div class=\"elementor-element elementor-element-784b3ce0 e-flex e-con-boxed e-con e-parent\" data-id=\"784b3ce0\" data-element_type=\"container\" data-e-type=\"container\">\n\t\t\t\t\t<div class=\"e-con-inner\">\n\t\t\t\t<div class=\"elementor-element elementor-element-232b88df elementor-widget elementor-widget-link-in-bio\" data-id=\"232b88df\" data-element_type=\"widget\" data-e-type=\"widget\" data-widget_type=\"link-in-bio.default\">\n\t\t\t\t<div class=\"elementor-widget-container\">\n\t\t\t\t\t\t\t<div class=\"e-link-in-bio e-link-in-bio\">\n\t\t\t<div class=\"e-link-in-bio__content\">\n\n\t\t\t\t\t\t<div class=\"e-link-in-bio__identity\">\n\t\t\t\t\t\t\t\t\t<div class=\"e-link-in-bio__identity-image e-link-in-bio__identity-image-cover\">\n\t\t\t\t\t\t\t<img fetchpriority=\"high\" decoding=\"async\" width=\"300\" height=\"267\" src=\"https:\/\/www.verter.org.mx\/wp-content\/uploads\/2022\/05\/cropped-LOGO-VERTER-300x267.png\" class=\"e-link-in-bio__identity-image-element\" alt=\"\" srcset=\"https:\/\/www.verter.org.mx\/wp-content\/uploads\/2022\/05\/cropped-LOGO-VERTER-300x267.png 300w, https:\/\/www.verter.org.mx\/wp-content\/uploads\/2022\/05\/cropped-LOGO-VERTER.png 529w\" sizes=\"(max-width: 300px) 100vw, 300px\" \/>\t\t\t\t\t\t\t\t\t\t\t\t\t<\/div>\n\t\t\t\t\t\t\t<\/div>\n\t\t\t\t\t<div class=\"e-link-in-bio__bio\">\n\t\t\t\t<h2 class=\"e-link-in-bio__heading\">VERTER A. C.<\/h2>\t\t\t\t<h3 class=\"e-link-in-bio__title\">SITIO WEB<\/h3>\t\t\t\t\t\t\t\t<p class=\"e-link-in-bio__description\">www.verter.org.mx<\/p>\t\t\t<\/div>\n\t\t\t\t\t<div class=\"e-link-in-bio__icons has-size-medium\">\n\t\t\t\t\t\t\t<div class=\"e-link-in-bio__icon is-size-medium\">\n\t\t\t\t\t<a href=\"#\" target=\"_blank\" rel=\"noopener \" aria-label=\"Facebook\" class=\"e-link-in-bio__icon-link\">\n\t\t\t\t\t\t<span class=\"e-link-in-bio__icon-svg\">\n\t\t\t\t\t\t\t<svg aria-hidden=\"true\" class=\"e-font-icon-svg e-fab-facebook\" viewBox=\"0 0 512 512\" xmlns=\"http:\/\/www.w3.org\/2000\/svg\"><path d=\"M504 256C504 119 393 8 256 8S8 119 8 256c0 123.78 90.69 226.38 209.25 245V327.69h-63V256h63v-54.64c0-62.15 37-96.48 93.67-96.48 27.14 0 55.52 4.84 55.52 4.84v61h-31.28c-30.8 0-40.41 19.12-40.41 38.73V256h68.78l-11 71.69h-57.78V501C413.31 482.38 504 379.78 504 256z\"><\/path><\/svg>\t\t\t\t\t\t<\/span>\n\t\t\t\t\t\t\t\t\t\t\t<\/a>\n\t\t\t\t<\/div>\n\t\t\t\t\t\t\t<div class=\"e-link-in-bio__icon is-size-medium\">\n\t\t\t\t\t<a href=\"#\" target=\"_blank\" rel=\"noopener \" aria-label=\"Instagram\" class=\"e-link-in-bio__icon-link\">\n\t\t\t\t\t\t<span class=\"e-link-in-bio__icon-svg\">\n\t\t\t\t\t\t\t<svg aria-hidden=\"true\" class=\"e-font-icon-svg e-fab-instagram\" viewBox=\"0 0 448 512\" xmlns=\"http:\/\/www.w3.org\/2000\/svg\"><path d=\"M224.1 141c-63.6 0-114.9 51.3-114.9 114.9s51.3 114.9 114.9 114.9S339 319.5 339 255.9 287.7 141 224.1 141zm0 189.6c-41.1 0-74.7-33.5-74.7-74.7s33.5-74.7 74.7-74.7 74.7 33.5 74.7 74.7-33.6 74.7-74.7 74.7zm146.4-194.3c0 14.9-12 26.8-26.8 26.8-14.9 0-26.8-12-26.8-26.8s12-26.8 26.8-26.8 26.8 12 26.8 26.8zm76.1 27.2c-1.7-35.9-9.9-67.7-36.2-93.9-26.2-26.2-58-34.4-93.9-36.2-37-2.1-147.9-2.1-184.9 0-35.8 1.7-67.6 9.9-93.9 36.1s-34.4 58-36.2 93.9c-2.1 37-2.1 147.9 0 184.9 1.7 35.9 9.9 67.7 36.2 93.9s58 34.4 93.9 36.2c37 2.1 147.9 2.1 184.9 0 35.9-1.7 67.7-9.9 93.9-36.2 26.2-26.2 34.4-58 36.2-93.9 2.1-37 2.1-147.8 0-184.8zM398.8 388c-7.8 19.6-22.9 34.7-42.6 42.6-29.5 11.7-99.5 9-132.1 9s-102.7 2.6-132.1-9c-19.6-7.8-34.7-22.9-42.6-42.6-11.7-29.5-9-99.5-9-132.1s-2.6-102.7 9-132.1c7.8-19.6 22.9-34.7 42.6-42.6 29.5-11.7 99.5-9 132.1-9s102.7-2.6 132.1 9c19.6 7.8 34.7 22.9 42.6 42.6 11.7 29.5 9 99.5 9 132.1s2.7 102.7-9 132.1z\"><\/path><\/svg>\t\t\t\t\t\t<\/span>\n\t\t\t\t\t\t\t\t\t\t\t<\/a>\n\t\t\t\t<\/div>\n\t\t\t\t\t\t\t<div class=\"e-link-in-bio__icon is-size-medium\">\n\t\t\t\t\t<a href=\"#\" target=\"_blank\" rel=\"noopener \" aria-label=\"X (Twitter)\" class=\"e-link-in-bio__icon-link\">\n\t\t\t\t\t\t<span class=\"e-link-in-bio__icon-svg\">\n\t\t\t\t\t\t\t<svg aria-hidden=\"true\" class=\"e-font-icon-svg e-fab-x-twitter\" viewBox=\"0 0 512 512\" xmlns=\"http:\/\/www.w3.org\/2000\/svg\"><path d=\"M389.2 48h70.6L305.6 224.2 487 464H345L233.7 318.6 106.5 464H35.8L200.7 275.5 26.8 48H172.4L272.9 180.9 389.2 48zM364.4 421.8h39.1L151.1 88h-42L364.4 421.8z\"><\/path><\/svg>\t\t\t\t\t\t<\/span>\n\t\t\t\t\t\t\t\t\t\t\t<\/a>\n\t\t\t\t<\/div>\n\t\t\t\t\t<\/div>\n\t\t\n\t\t<div class=\"e-link-in-bio__ctas has-type-button\">\n\t\t\t\t\t\t\t<a href=\"#\" class=\"e-link-in-bio__cta is-type-button has-border has-corners-round\">\n\t\t\t\t\t\t\t\t\t\t<span class=\"e-link-in-bio__cta-text\">\n\t\t\t\t\t\t\u00bfQui\u00e9nes somos?\t\t\t\t\t<\/span>\n\t\t\t\t<\/a>\n\t\t\t\t\t\t\t<a href=\"#\" target=\"_blank\" rel=\"noopener \" class=\"e-link-in-bio__cta is-type-button has-border has-corners-round\">\n\t\t\t\t\t\t\t\t\t\t<span class=\"e-link-in-bio__cta-text\">\n\t\t\t\t\t\tExperiencia Organizacional\t\t\t\t\t<\/span>\n\t\t\t\t<\/a>\n\t\t\t\t\t\t\t<a href=\"https:\/\/www.verter.org.mx\/?p=53\" target=\"_blank\" rel=\"noopener \" class=\"e-link-in-bio__cta is-type-button has-border has-corners-round\">\n\t\t\t\t\t\t\t\t\t\t<span class=\"e-link-in-bio__cta-text\">\n\t\t\t\t\t\tPublicaciones Verter\t\t\t\t\t<\/span>\n\t\t\t\t<\/a>\n\t\t\t\t\t\t\t<a href=\"https:\/\/www.verter.org.mx\/?page_id=9\" target=\"_blank\" rel=\"noopener \" class=\"e-link-in-bio__cta is-type-button has-border has-corners-round\">\n\t\t\t\t\t\t\t\t\t\t<span class=\"e-link-in-bio__cta-text\">\n\t\t\t\t\t\tProgramas y Servicios\t\t\t\t\t<\/span>\n\t\t\t\t<\/a>\n\t\t\t\t\t<\/div>\n\t\t\n\t\t\t<\/div>\n\t\t\t<div class=\"e-link-in-bio__bg\">\n\t\t\t\t<div class=\"e-link-in-bio__bg-overlay\"><\/div>\n\t\t\t<\/div>\n\t\t<\/div>\n\t\t\t\t\t\t<\/div>\n\t\t\t\t<\/div>\n\t\t\t\t\t<\/div>\n\t\t\t\t<\/div>\n\t\t<div class=\"elementor-element elementor-element-5299a96 e-flex e-con-boxed e-con e-parent\" data-id=\"5299a96\" data-element_type=\"container\" data-e-type=\"container\">\n\t\t\t\t\t<div class=\"e-con-inner\">\n\t\t\t\t<div class=\"elementor-element elementor-element-031700e elementor-shape-rounded elementor-grid-0 e-grid-align-center elementor-widget elementor-widget-social-icons\" data-id=\"031700e\" data-element_type=\"widget\" data-e-type=\"widget\" data-widget_type=\"social-icons.default\">\n\t\t\t\t<div class=\"elementor-widget-container\">\n\t\t\t\t\t\t\t<div class=\"elementor-social-icons-wrapper elementor-grid\" role=\"list\">\n\t\t\t\t\t\t\t<span class=\"elementor-grid-item\" role=\"listitem\">\n\t\t\t\t\t<a class=\"elementor-icon elementor-social-icon elementor-social-icon-facebook elementor-repeater-item-3232c2c\" href=\"https:\/\/www.facebook.com\/VerterAC\/\" target=\"_blank\">\n\t\t\t\t\t\t<span class=\"elementor-screen-only\">Facebook<\/span>\n\t\t\t\t\t\t<svg aria-hidden=\"true\" class=\"e-font-icon-svg e-fab-facebook\" viewBox=\"0 0 512 512\" xmlns=\"http:\/\/www.w3.org\/2000\/svg\"><path d=\"M504 256C504 119 393 8 256 8S8 119 8 256c0 123.78 90.69 226.38 209.25 245V327.69h-63V256h63v-54.64c0-62.15 37-96.48 93.67-96.48 27.14 0 55.52 4.84 55.52 4.84v61h-31.28c-30.8 0-40.41 19.12-40.41 38.73V256h68.78l-11 71.69h-57.78V501C413.31 482.38 504 379.78 504 256z\"><\/path><\/svg>\t\t\t\t\t<\/a>\n\t\t\t\t<\/span>\n\t\t\t\t\t\t\t<span class=\"elementor-grid-item\" role=\"listitem\">\n\t\t\t\t\t<a class=\"elementor-icon elementor-social-icon elementor-social-icon-twitter elementor-repeater-item-e178827\" href=\"https:\/\/x.com\/VerterAC\" target=\"_blank\">\n\t\t\t\t\t\t<span class=\"elementor-screen-only\">Twitter<\/span>\n\t\t\t\t\t\t<svg aria-hidden=\"true\" class=\"e-font-icon-svg e-fab-twitter\" viewBox=\"0 0 512 512\" xmlns=\"http:\/\/www.w3.org\/2000\/svg\"><path d=\"M459.37 151.716c.325 4.548.325 9.097.325 13.645 0 138.72-105.583 298.558-298.558 298.558-59.452 0-114.68-17.219-161.137-47.106 8.447.974 16.568 1.299 25.34 1.299 49.055 0 94.213-16.568 130.274-44.832-46.132-.975-84.792-31.188-98.112-72.772 6.498.974 12.995 1.624 19.818 1.624 9.421 0 18.843-1.3 27.614-3.573-48.081-9.747-84.143-51.98-84.143-102.985v-1.299c13.969 7.797 30.214 12.67 47.431 13.319-28.264-18.843-46.781-51.005-46.781-87.391 0-19.492 5.197-37.36 14.294-52.954 51.655 63.675 129.3 105.258 216.365 109.807-1.624-7.797-2.599-15.918-2.599-24.04 0-57.828 46.782-104.934 104.934-104.934 30.213 0 57.502 12.67 76.67 33.137 23.715-4.548 46.456-13.32 66.599-25.34-7.798 24.366-24.366 44.833-46.132 57.827 21.117-2.273 41.584-8.122 60.426-16.243-14.292 20.791-32.161 39.308-52.628 54.253z\"><\/path><\/svg>\t\t\t\t\t<\/a>\n\t\t\t\t<\/span>\n\t\t\t\t\t\t\t<span class=\"elementor-grid-item\" role=\"listitem\">\n\t\t\t\t\t<a class=\"elementor-icon elementor-social-icon elementor-social-icon-youtube elementor-repeater-item-e05ae25\" href=\"https:\/\/www.youtube.com\/@VerterAC\" target=\"_blank\">\n\t\t\t\t\t\t<span class=\"elementor-screen-only\">Youtube<\/span>\n\t\t\t\t\t\t<svg aria-hidden=\"true\" class=\"e-font-icon-svg e-fab-youtube\" viewBox=\"0 0 576 512\" xmlns=\"http:\/\/www.w3.org\/2000\/svg\"><path d=\"M549.655 124.083c-6.281-23.65-24.787-42.276-48.284-48.597C458.781 64 288 64 288 64S117.22 64 74.629 75.486c-23.497 6.322-42.003 24.947-48.284 48.597-11.412 42.867-11.412 132.305-11.412 132.305s0 89.438 11.412 132.305c6.281 23.65 24.787 41.5 48.284 47.821C117.22 448 288 448 288 448s170.78 0 213.371-11.486c23.497-6.321 42.003-24.171 48.284-47.821 11.412-42.867 11.412-132.305 11.412-132.305s0-89.438-11.412-132.305zm-317.51 213.508V175.185l142.739 81.205-142.739 81.201z\"><\/path><\/svg>\t\t\t\t\t<\/a>\n\t\t\t\t<\/span>\n\t\t\t\t\t<\/div>\n\t\t\t\t\t\t<\/div>\n\t\t\t\t<\/div>\n\t\t\t\t\t<\/div>\n\t\t\t\t<\/div>\n\t\t<div class=\"elementor-element elementor-element-8f89480 e-flex e-con-boxed e-con e-parent\" data-id=\"8f89480\" data-element_type=\"container\" data-e-type=\"container\">\n\t\t\t\t\t<div class=\"e-con-inner\">\n\t\t\t\t<div class=\"elementor-element elementor-element-900d3a2 elementor-widget elementor-widget-google_maps\" data-id=\"900d3a2\" data-element_type=\"widget\" data-e-type=\"widget\" data-widget_type=\"google_maps.default\">\n\t\t\t\t<div class=\"elementor-widget-container\">\n\t\t\t\t\t\t\t<div class=\"elementor-custom-embed\">\n\t\t\t<iframe loading=\"lazy\"\n\t\t\t\t\tsrc=\"https:\/\/maps.google.com\/maps?q=Integraci%C3%B3n%20Social%20Verter%20A.%20C.&#038;t=m&#038;z=15&#038;output=embed&#038;iwloc=near\"\n\t\t\t\t\ttitle=\"Integraci\u00f3n Social Verter A. C.\"\n\t\t\t\t\taria-label=\"Integraci\u00f3n Social Verter A. C.\"\n\t\t\t><\/iframe>\n\t\t<\/div>\n\t\t\t\t\t\t<\/div>\n\t\t\t\t<\/div>\n\t\t\t\t\t<\/div>\n\t\t\t\t<\/div>\n\t\t\t\t<\/div>\n\t\t","protected":false},"excerpt":{"rendered":"<p>VERTER A. C. SITIO WEB www.verter.org.mx \u00bfQui\u00e9nes somos? Experiencia Organizacional Publicaciones Verter Programas y Servicios Facebook Twitter Youtube<\/p>\n","protected":false},"author":1,"featured_media":13,"parent":0,"menu_order":0,"comment_status":"closed","ping_status":"closed","template":"","meta":{"footnotes":""},"class_list":["post-8","page","type-page","status-publish","has-post-thumbnail","hentry"],"yoast_head":"<!-- This site is optimized with the Yoast SEO plugin v27.2 - https:\/\/yoast.com\/product\/yoast-seo-wordpress\/ -->\n<title>Organizaci\u00f3n Civil - Verter AC<\/title>\n<meta name=\"description\" content=\"P\u00e1gina web con informaci\u00f3n sobre programas y proyectos de Verter, as\u00ed como las investigaciones y publicaciones en las hemos participado.\" \/>\n<meta name=\"robots\" content=\"index, follow, max-snippet:-1, max-image-preview:large, max-video-preview:-1\" \/>\n<link rel=\"canonical\" href=\"https:\/\/www.verter.org.mx\/?page_id=8\" \/>\n<meta property=\"og:locale\" content=\"es_ES\" \/>\n<meta property=\"og:type\" content=\"article\" \/>\n<meta property=\"og:title\" content=\"Organizaci\u00f3n Civil - Verter AC\" \/>\n<meta property=\"og:description\" content=\"P\u00e1gina web con informaci\u00f3n sobre programas y proyectos de Verter, as\u00ed como las investigaciones y publicaciones en las hemos participado.\" \/>\n<meta property=\"og:url\" content=\"https:\/\/www.verter.org.mx\/?page_id=8\" \/>\n<meta property=\"og:site_name\" content=\"Verter AC\" \/>\n<meta property=\"article:modified_time\" content=\"2024-10-09T22:24:16+00:00\" \/>\n<meta property=\"og:image\" content=\"https:\/\/www.verter.org.mx\/wp-content\/uploads\/2022\/05\/LOGO-VERTER.png\" \/>\n\t<meta property=\"og:image:width\" content=\"529\" \/>\n\t<meta property=\"og:image:height\" content=\"470\" \/>\n\t<meta property=\"og:image:type\" content=\"image\/png\" \/>\n<meta name=\"twitter:card\" content=\"summary_large_image\" \/>\n<meta name=\"twitter:label1\" content=\"Tiempo de lectura\" \/>\n\t<meta name=\"twitter:data1\" content=\"1 minuto\" \/>\n<script type=\"application\/ld+json\" class=\"yoast-schema-graph\">{\"@context\":\"https:\/\/schema.org\",\"@graph\":[{\"@type\":\"WebPage\",\"@id\":\"https:\/\/www.verter.org.mx\/?page_id=8\",\"url\":\"https:\/\/www.verter.org.mx\/?page_id=8\",\"name\":\"Organizaci\u00f3n Civil - Verter AC\",\"isPartOf\":{\"@id\":\"https:\/\/www.verter.org.mx\/#website\"},\"primaryImageOfPage\":{\"@id\":\"https:\/\/www.verter.org.mx\/?page_id=8#primaryimage\"},\"image\":{\"@id\":\"https:\/\/www.verter.org.mx\/?page_id=8#primaryimage\"},\"thumbnailUrl\":\"https:\/\/www.verter.org.mx\/wp-content\/uploads\/2022\/05\/LOGO-VERTER.png\",\"datePublished\":\"2022-05-10T22:32:26+00:00\",\"dateModified\":\"2024-10-09T22:24:16+00:00\",\"description\":\"P\u00e1gina web con informaci\u00f3n sobre programas y proyectos de Verter, as\u00ed como las investigaciones y publicaciones en las hemos participado.\",\"breadcrumb\":{\"@id\":\"https:\/\/www.verter.org.mx\/?page_id=8#breadcrumb\"},\"inLanguage\":\"es\",\"potentialAction\":[{\"@type\":\"ReadAction\",\"target\":[\"https:\/\/www.verter.org.mx\/?page_id=8\"]}]},{\"@type\":\"ImageObject\",\"inLanguage\":\"es\",\"@id\":\"https:\/\/www.verter.org.mx\/?page_id=8#primaryimage\",\"url\":\"https:\/\/www.verter.org.mx\/wp-content\/uploads\/2022\/05\/LOGO-VERTER.png\",\"contentUrl\":\"https:\/\/www.verter.org.mx\/wp-content\/uploads\/2022\/05\/LOGO-VERTER.png\",\"width\":529,\"height\":470},{\"@type\":\"BreadcrumbList\",\"@id\":\"https:\/\/www.verter.org.mx\/?page_id=8#breadcrumb\",\"itemListElement\":[{\"@type\":\"ListItem\",\"position\":1,\"name\":\"Portada\",\"item\":\"https:\/\/www.verter.org.mx\/\"},{\"@type\":\"ListItem\",\"position\":2,\"name\":\"Organizaci\u00f3n Civil\"}]},{\"@type\":\"WebSite\",\"@id\":\"https:\/\/www.verter.org.mx\/#website\",\"url\":\"https:\/\/www.verter.org.mx\/\",\"name\":\"Verter AC\",\"description\":\"Integraci\u00f3n Social Verter\",\"publisher\":{\"@id\":\"https:\/\/www.verter.org.mx\/#organization\"},\"potentialAction\":[{\"@type\":\"SearchAction\",\"target\":{\"@type\":\"EntryPoint\",\"urlTemplate\":\"https:\/\/www.verter.org.mx\/?s={search_term_string}\"},\"query-input\":{\"@type\":\"PropertyValueSpecification\",\"valueRequired\":true,\"valueName\":\"search_term_string\"}}],\"inLanguage\":\"es\"},{\"@type\":\"Organization\",\"@id\":\"https:\/\/www.verter.org.mx\/#organization\",\"name\":\"Verter AC\",\"url\":\"https:\/\/www.verter.org.mx\/\",\"logo\":{\"@type\":\"ImageObject\",\"inLanguage\":\"es\",\"@id\":\"https:\/\/www.verter.org.mx\/#\/schema\/logo\/image\/\",\"url\":\"https:\/\/www.verter.org.mx\/wp-content\/uploads\/2022\/05\/cropped-LOGO-VERTER.png\",\"contentUrl\":\"https:\/\/www.verter.org.mx\/wp-content\/uploads\/2022\/05\/cropped-LOGO-VERTER.png\",\"width\":529,\"height\":470,\"caption\":\"Verter AC\"},\"image\":{\"@id\":\"https:\/\/www.verter.org.mx\/#\/schema\/logo\/image\/\"}}]}<\/script>\n<!-- \/ Yoast SEO plugin. -->","yoast_head_json":{"title":"Organizaci\u00f3n Civil - Verter AC","description":"P\u00e1gina web con informaci\u00f3n sobre programas y proyectos de Verter, as\u00ed como las investigaciones y publicaciones en las hemos participado.","robots":{"index":"index","follow":"follow","max-snippet":"max-snippet:-1","max-image-preview":"max-image-preview:large","max-video-preview":"max-video-preview:-1"},"canonical":"https:\/\/www.verter.org.mx\/?page_id=8","og_locale":"es_ES","og_type":"article","og_title":"Organizaci\u00f3n Civil - Verter AC","og_description":"P\u00e1gina web con informaci\u00f3n sobre programas y proyectos de Verter, as\u00ed como las investigaciones y publicaciones en las hemos participado.","og_url":"https:\/\/www.verter.org.mx\/?page_id=8","og_site_name":"Verter AC","article_modified_time":"2024-10-09T22:24:16+00:00","og_image":[{"width":529,"height":470,"url":"https:\/\/www.verter.org.mx\/wp-content\/uploads\/2022\/05\/LOGO-VERTER.png","type":"image\/png"}],"twitter_card":"summary_large_image","twitter_misc":{"Tiempo de lectura":"1 minuto"},"schema":{"@context":"https:\/\/schema.org","@graph":[{"@type":"WebPage","@id":"https:\/\/www.verter.org.mx\/?page_id=8","url":"https:\/\/www.verter.org.mx\/?page_id=8","name":"Organizaci\u00f3n Civil - Verter AC","isPartOf":{"@id":"https:\/\/www.verter.org.mx\/#website"},"primaryImageOfPage":{"@id":"https:\/\/www.verter.org.mx\/?page_id=8#primaryimage"},"image":{"@id":"https:\/\/www.verter.org.mx\/?page_id=8#primaryimage"},"thumbnailUrl":"https:\/\/www.verter.org.mx\/wp-content\/uploads\/2022\/05\/LOGO-VERTER.png","datePublished":"2022-05-10T22:32:26+00:00","dateModified":"2024-10-09T22:24:16+00:00","description":"P\u00e1gina web con informaci\u00f3n sobre programas y proyectos de Verter, as\u00ed como las investigaciones y publicaciones en las hemos participado.","breadcrumb":{"@id":"https:\/\/www.verter.org.mx\/?page_id=8#breadcrumb"},"inLanguage":"es","potentialAction":[{"@type":"ReadAction","target":["https:\/\/www.verter.org.mx\/?page_id=8"]}]},{"@type":"ImageObject","inLanguage":"es","@id":"https:\/\/www.verter.org.mx\/?page_id=8#primaryimage","url":"https:\/\/www.verter.org.mx\/wp-content\/uploads\/2022\/05\/LOGO-VERTER.png","contentUrl":"https:\/\/www.verter.org.mx\/wp-content\/uploads\/2022\/05\/LOGO-VERTER.png","width":529,"height":470},{"@type":"BreadcrumbList","@id":"https:\/\/www.verter.org.mx\/?page_id=8#breadcrumb","itemListElement":[{"@type":"ListItem","position":1,"name":"Portada","item":"https:\/\/www.verter.org.mx\/"},{"@type":"ListItem","position":2,"name":"Organizaci\u00f3n Civil"}]},{"@type":"WebSite","@id":"https:\/\/www.verter.org.mx\/#website","url":"https:\/\/www.verter.org.mx\/","name":"Verter AC","description":"Integraci\u00f3n Social Verter","publisher":{"@id":"https:\/\/www.verter.org.mx\/#organization"},"potentialAction":[{"@type":"SearchAction","target":{"@type":"EntryPoint","urlTemplate":"https:\/\/www.verter.org.mx\/?s={search_term_string}"},"query-input":{"@type":"PropertyValueSpecification","valueRequired":true,"valueName":"search_term_string"}}],"inLanguage":"es"},{"@type":"Organization","@id":"https:\/\/www.verter.org.mx\/#organization","name":"Verter AC","url":"https:\/\/www.verter.org.mx\/","logo":{"@type":"ImageObject","inLanguage":"es","@id":"https:\/\/www.verter.org.mx\/#\/schema\/logo\/image\/","url":"https:\/\/www.verter.org.mx\/wp-content\/uploads\/2022\/05\/cropped-LOGO-VERTER.png","contentUrl":"https:\/\/www.verter.org.mx\/wp-content\/uploads\/2022\/05\/cropped-LOGO-VERTER.png","width":529,"height":470,"caption":"Verter AC"},"image":{"@id":"https:\/\/www.verter.org.mx\/#\/schema\/logo\/image\/"}}]}},"_links":{"self":[{"href":"https:\/\/www.verter.org.mx\/index.php?rest_route=\/wp\/v2\/pages\/8","targetHints":{"allow":["GET"]}}],"collection":[{"href":"https:\/\/www.verter.org.mx\/index.php?rest_route=\/wp\/v2\/pages"}],"about":[{"href":"https:\/\/www.verter.org.mx\/index.php?rest_route=\/wp\/v2\/types\/page"}],"author":[{"embeddable":true,"href":"https:\/\/www.verter.org.mx\/index.php?rest_route=\/wp\/v2\/users\/1"}],"replies":[{"embeddable":true,"href":"https:\/\/www.verter.org.mx\/index.php?rest_route=%2Fwp%2Fv2%2Fcomments&post=8"}],"version-history":[{"count":24,"href":"https:\/\/www.verter.org.mx\/index.php?rest_route=\/wp\/v2\/pages\/8\/revisions"}],"predecessor-version":[{"id":149,"href":"https:\/\/www.verter.org.mx\/index.php?rest_route=\/wp\/v2\/pages\/8\/revisions\/149"}],"wp:featuredmedia":[{"embeddable":true,"href":"https:\/\/www.verter.org.mx\/index.php?rest_route=\/wp\/v2\/media\/13"}],"wp:attachment":[{"href":"https:\/\/www.verter.org.mx\/index.php?rest_route=%2Fwp%2Fv2%2Fmedia&parent=8"}],"curies":[{"name":"wp","href":"https:\/\/api.w.org\/{rel}","templated":true}]}}